{"id":6753,"date":"2024-01-09T11:48:13","date_gmt":"2024-01-09T16:48:13","guid":{"rendered":"https:\/\/zucorahome.com\/?page_id=6753"},"modified":"2025-02-04T12:45:59","modified_gmt":"2025-02-04T17:45:59","slug":"smartone","status":"publish","type":"page","link":"https:\/\/zucorahome.com\/fr\/smartone\/","title":{"rendered":"Smartone"},"content":{"rendered":"<div data-elementor-type=\"wp-page\" data-elementor-id=\"6753\" class=\"elementor elementor-6753\" data-elementor-post-type=\"page\">\n\t\t\t\t\t\t<section class=\"elementor-section elementor-top-section elementor-element elementor-element-2430dffc elementor-section-content-middle elementor-section-boxed elementor-section-height-default elementor-section-height-default\" data-id=\"2430dffc\" data-element_type=\"section\">\n\t\t\t\t\t\t<div class=\"elementor-container elementor-column-gap-default\">\n\t\t\t\t\t<div class=\"elementor-column elementor-col-100 elementor-top-column elementor-element elementor-element-74237dbb\" data-id=\"74237dbb\" data-element_type=\"column\">\n\t\t\t<div class=\"elementor-widget-wrap elementor-element-populated\">\n\t\t\t\t\t\t<div class=\"elementor-element elementor-element-10b78d1 elementor-widget elementor-widget-image\" data-id=\"10b78d1\" data-element_type=\"widget\" data-widget_type=\"image.default\">\n\t\t\t\t<div class=\"elementor-widget-container\">\n\t\t\t\t\t\t\t\t\t\t\t\t\t\t\t<img fetchpriority=\"high\" decoding=\"async\" width=\"470\" height=\"125\" src=\"https:\/\/zucorahome.com\/wp-content\/uploads\/2022\/11\/SmartOnePlan_ParZH_Logo_Indigo_0920_FR.png\" class=\"attachment-full size-full wp-image-6376\" alt=\"\" srcset=\"https:\/\/zucorahome.com\/wp-content\/uploads\/2022\/11\/SmartOnePlan_ParZH_Logo_Indigo_0920_FR.png 1962w, https:\/\/zucorahome.com\/wp-content\/uploads\/2022\/11\/SmartOnePlan_ParZH_Logo_Indigo_0920_FR-300x80.png 300w, https:\/\/zucorahome.com\/wp-content\/uploads\/2022\/11\/SmartOnePlan_ParZH_Logo_Indigo_0920_FR-1024x271.png 1024w, https:\/\/zucorahome.com\/wp-content\/uploads\/2022\/11\/SmartOnePlan_ParZH_Logo_Indigo_0920_FR-768x204.png 768w, https:\/\/zucorahome.com\/wp-content\/uploads\/2022\/11\/SmartOnePlan_ParZH_Logo_Indigo_0920_FR-1536x407.png 1536w, https:\/\/zucorahome.com\/wp-content\/uploads\/2022\/11\/SmartOnePlan_ParZH_Logo_Indigo_0920_FR-18x5.png 18w\" sizes=\"(max-width: 470px) 100vw, 470px\" \/>\t\t\t\t\t\t\t\t\t\t\t\t\t\t\t<\/div>\n\t\t\t\t<\/div>\n\t\t\t\t<div class=\"elementor-element elementor-element-54623ac9 elementor-widget-divider--view-line elementor-widget elementor-widget-divider\" data-id=\"54623ac9\" data-element_type=\"widget\" data-widget_type=\"divider.default\">\n\t\t\t\t<div class=\"elementor-widget-container\">\n\t\t\t\t\t\t\t<div class=\"elementor-divider\">\n\t\t\t<span class=\"elementor-divider-separator\">\n\t\t\t\t\t\t<\/span>\n\t\t<\/div>\n\t\t\t\t\t\t<\/div>\n\t\t\t\t<\/div>\n\t\t\t\t<div class=\"elementor-element elementor-element-5b0703a5 elementor-widget__width-initial elementor-widget elementor-widget-text-editor\" data-id=\"5b0703a5\" data-element_type=\"widget\" data-widget_type=\"text-editor.default\">\n\t\t\t\t<div class=\"elementor-widget-container\">\n\t\t\t\t\t\t\t\t\t<p>Lorsque des r\u00e9parations ou des remplacements sont n\u00e9cessaires, nos plans de protection vous offrent une excellente couverture et un acc\u00e8s au service \u00e0 la client\u00e8le le mieux cot\u00e9 de l'industrie.<\/p>\n\n<p>Vous trouverez, ci-dessous, les informations compl\u00e8tes \u00e0 propos de la couverture.<\/p>\t\t\t\t\t\t\t\t<\/div>\n\t\t\t\t<\/div>\n\t\t\t\t\t<\/div>\n\t\t<\/div>\n\t\t\t\t\t<\/div>\n\t\t<\/section>\n\t\t\t\t<section class=\"elementor-section elementor-top-section elementor-element elementor-element-4ea14433 elementor-section-content-middle elementor-section-boxed elementor-section-height-default elementor-section-height-default\" data-id=\"4ea14433\" data-element_type=\"section\">\n\t\t\t\t\t\t<div class=\"elementor-container elementor-column-gap-default\">\n\t\t\t\t\t<div class=\"elementor-column elementor-col-33 elementor-top-column elementor-element elementor-element-d8867d6\" data-id=\"d8867d6\" data-element_type=\"column\">\n\t\t\t<div class=\"elementor-widget-wrap\">\n\t\t\t\t\t\t\t<\/div>\n\t\t<\/div>\n\t\t\t\t<div class=\"elementor-column elementor-col-33 elementor-top-column elementor-element elementor-element-5c71109f\" data-id=\"5c71109f\" data-element_type=\"column\">\n\t\t\t<div class=\"elementor-widget-wrap elementor-element-populated\">\n\t\t\t\t\t\t<div class=\"elementor-element elementor-element-5ba52b4e elementor-cta--valign-middle elementor-cta--skin-cover elementor-animated-content elementor-bg-transform elementor-bg-transform-zoom-in elementor-widget elementor-widget-call-to-action\" data-id=\"5ba52b4e\" data-element_type=\"widget\" data-widget_type=\"call-to-action.default\">\n\t\t\t\t<div class=\"elementor-widget-container\">\n\t\t\t\t\t\t\t<a class=\"elementor-cta\" href=\"https:\/\/zucorahome.com\/wp-content\/uploads\/2025\/02\/2025_01_SmartOnePlan_FR.pdf\" target=\"_blank\">\n\t\t\t\t\t<div class=\"elementor-cta__bg-wrapper\">\n\t\t\t\t<div class=\"elementor-cta__bg elementor-bg\" style=\"background-image: url(https:\/\/zucorahome.com\/wp-content\/uploads\/2023\/06\/purple-back-1.jpg);\" role=\"img\" aria-label=\"purple-back\"><\/div>\n\t\t\t\t<div class=\"elementor-cta__bg-overlay\"><\/div>\n\t\t\t<\/div>\n\t\t\t\t\t\t\t<div class=\"elementor-cta__content\">\n\t\t\t\t\n\t\t\t\t\t\t\t\t\t<h3 class=\"elementor-cta__title elementor-cta__content-item elementor-content-item elementor-animated-item--grow\">\n\t\t\t\t\t\tEntente de plan SmartOne\t\t\t\t\t<\/h3>\n\t\t\t\t\n\t\t\t\t\n\t\t\t\t\t\t\t<\/div>\n\t\t\t\t\t\t<\/a>\n\t\t\t\t\t\t<\/div>\n\t\t\t\t<\/div>\n\t\t\t\t\t<\/div>\n\t\t<\/div>\n\t\t\t\t<div class=\"elementor-column elementor-col-33 elementor-top-column elementor-element elementor-element-3c7b40f6\" data-id=\"3c7b40f6\" data-element_type=\"column\">\n\t\t\t<div class=\"elementor-widget-wrap\">\n\t\t\t\t\t\t\t<\/div>\n\t\t<\/div>\n\t\t\t\t\t<\/div>\n\t\t<\/section>\n\t\t\t\t<\/div>","protected":false},"excerpt":{"rendered":"<p>Protection Plans provide excellent coverage combined with the industry&#8217;s top-rated customer care when repairs or replacements are required. Find the full coverage information below. SmartOne Plan Agreement<\/p>","protected":false},"author":1,"featured_media":0,"parent":0,"menu_order":0,"comment_status":"closed","ping_status":"closed","template":"","meta":{"footnotes":""},"class_list":["post-6753","page","type-page","status-publish","hentry"],"_links":{"self":[{"href":"https:\/\/zucorahome.com\/fr\/wp-json\/wp\/v2\/pages\/6753","targetHints":{"allow":["GET"]}}],"collection":[{"href":"https:\/\/zucorahome.com\/fr\/wp-json\/wp\/v2\/pages"}],"about":[{"href":"https:\/\/zucorahome.com\/fr\/wp-json\/wp\/v2\/types\/page"}],"author":[{"embeddable":true,"href":"https:\/\/zucorahome.com\/fr\/wp-json\/wp\/v2\/users\/1"}],"replies":[{"embeddable":true,"href":"https:\/\/zucorahome.com\/fr\/wp-json\/wp\/v2\/comments?post=6753"}],"version-history":[{"count":10,"href":"https:\/\/zucorahome.com\/fr\/wp-json\/wp\/v2\/pages\/6753\/revisions"}],"predecessor-version":[{"id":9875,"href":"https:\/\/zucorahome.com\/fr\/wp-json\/wp\/v2\/pages\/6753\/revisions\/9875"}],"wp:attachment":[{"href":"https:\/\/zucorahome.com\/fr\/wp-json\/wp\/v2\/media?parent=6753"}],"curies":[{"name":"wp","href":"https:\/\/api.w.org\/{rel}","templated":true}]}}