{"id":6566,"date":"2022-09-26T15:16:50","date_gmt":"2022-09-26T19:16:50","guid":{"rendered":"https:\/\/zucorahome.com\/?page_id=6566"},"modified":"2022-09-26T15:35:45","modified_gmt":"2022-09-26T19:35:45","slug":"privacy-policy","status":"publish","type":"page","link":"https:\/\/zucorahome.com\/fr\/privacy-policy\/","title":{"rendered":"Politique de confidentialit\u00e9"},"content":{"rendered":"<div data-elementor-type=\"wp-page\" data-elementor-id=\"6566\" class=\"elementor elementor-6566\" data-elementor-post-type=\"page\">\n\t\t\t\t\t\t<section class=\"elementor-section elementor-top-section elementor-element elementor-element-245dd1ff elementor-section-boxed elementor-section-height-default elementor-section-height-default\" data-id=\"245dd1ff\" data-element_type=\"section\">\n\t\t\t\t\t\t<div class=\"elementor-container elementor-column-gap-default\">\n\t\t\t\t\t<div class=\"elementor-column elementor-col-100 elementor-top-column elementor-element elementor-element-39b668b0\" data-id=\"39b668b0\" data-element_type=\"column\">\n\t\t\t<div class=\"elementor-widget-wrap elementor-element-populated\">\n\t\t\t\t\t\t<div class=\"elementor-element elementor-element-28ce424c elementor-widget elementor-widget-heading\" data-id=\"28ce424c\" data-element_type=\"widget\" data-widget_type=\"heading.default\">\n\t\t\t\t<div class=\"elementor-widget-container\">\n\t\t\t\t\t<h1 class=\"elementor-heading-title elementor-size-default\">Politique de confidentialit\u00e9<\/h1>\t\t\t\t<\/div>\n\t\t\t\t<\/div>\n\t\t\t\t<div class=\"elementor-element elementor-element-4437b67f elementor-widget elementor-widget-text-editor\" data-id=\"4437b67f\" data-element_type=\"widget\" data-widget_type=\"text-editor.default\">\n\t\t\t\t<div class=\"elementor-widget-container\">\n\t\t\t\t\t\t\t\t\t<p><b>La direction de Zucora Inc. (\u00ab Zucora \u00bb et \u00ab ZucoraHome \u00bb) reconna\u00eet et respecte les renseignements personnels de ses clients et s\u2019efforce de prot\u00e9ger ces renseignements contre toute utilisation ou conservation non autoris\u00e9es ainsi que toute divulgation non autoris\u00e9e \u00e0 des tiers. La protection des renseignements personnels de nos clients est r\u00e9gie par la politique de confidentialit\u00e9 de ZucoraHome (la \u00ab Politique de confidentialit\u00e9 \u00bb), comme suit :<\/b><\/p>\n\n<p>La politique de confidentialit\u00e9 de ZucoraHome vous assure, en tant que client pass\u00e9, actuel ou futur, que les administrateurs, directeurs et employ\u00e9s de ZucoraHome traiteront vos renseignements personnels conform\u00e9ment \u00e0 cette politique en vertu de toutes les lois f\u00e9d\u00e9rales et provinciales applicables, y compris, sans s\u2019y limiter, la Loi sur la protection des renseignements personnels et les documents \u00e9lectroniques (\u00ab LPRPDE \u00bb).\n<\/p>\t\t\t\t\t\t\t\t<\/div>\n\t\t\t\t<\/div>\n\t\t\t\t<div class=\"elementor-element elementor-element-684f4a1a elementor-widget elementor-widget-heading\" data-id=\"684f4a1a\" data-element_type=\"widget\" data-widget_type=\"heading.default\">\n\t\t\t\t<div class=\"elementor-widget-container\">\n\t\t\t\t\t<h3 class=\"elementor-heading-title elementor-size-default\">Port\u00e9e de la politique de confidentialit\u00e9<\/h3>\t\t\t\t<\/div>\n\t\t\t\t<\/div>\n\t\t\t\t<div class=\"elementor-element elementor-element-8a68005 elementor-widget elementor-widget-text-editor\" data-id=\"8a68005\" data-element_type=\"widget\" data-widget_type=\"text-editor.default\">\n\t\t\t\t<div class=\"elementor-widget-container\">\n\t\t\t\t\t\t\t\t\t<p>Cette politique de confidentialit\u00e9 r\u00e9git les renseignements personnels recueillis des clients et des organisations qui disposent d\u2019informations pertinentes et n\u00e9cessaires \u00e0 l\u2019ex\u00e9cution des services fournis par ZucoraHome.<\/p>\n\n<p>Aux termes de la LPRPDE, les renseignements personnels constituent tout renseignement qui permet d\u2019identifier une personne ou qui lui est directement attribuable. La LPRPDE ne traite pas des renseignements sur une personne qui sont accessibles \u00e0 partir d\u2019une source publique, comme un annuaire t\u00e9l\u00e9phonique ou un annuaire juridique. Elle ne traite pas non plus des donn\u00e9es cumulatives qui sont utilis\u00e9es \u00e0 des fins statistiques ou de rapports et qui ne permettent pas d\u2019\u00e9tablir l\u2019identit\u00e9 d\u2019un client.\n<\/p>\n<p>Cette politique de confidentialit\u00e9 s\u2019applique aux administrateurs, aux directeurs, aux employ\u00e9s et aux autres personnes \u00e0 qui l\u2019on pourrait demander d\u2019effectuer des services au nom de ZucoraHome.<\/p>\t\t\t\t\t\t\t\t<\/div>\n\t\t\t\t<\/div>\n\t\t\t\t<div class=\"elementor-element elementor-element-7aae42d0 elementor-widget elementor-widget-heading\" data-id=\"7aae42d0\" data-element_type=\"widget\" data-widget_type=\"heading.default\">\n\t\t\t\t<div class=\"elementor-widget-container\">\n\t\t\t\t\t<h3 class=\"elementor-heading-title elementor-size-default\">Fins de la collecte de renseignements personnels<\/h3>\t\t\t\t<\/div>\n\t\t\t\t<\/div>\n\t\t\t\t<div class=\"elementor-element elementor-element-c454656 elementor-widget elementor-widget-text-editor\" data-id=\"c454656\" data-element_type=\"widget\" data-widget_type=\"text-editor.default\">\n\t\t\t\t<div class=\"elementor-widget-container\">\n\t\t\t\t\t\t\t\t\t<p>ZucoraHome recueille des renseignements personnels aux fins limit\u00e9es suivantes, notamment pour \u00e9tablir et conserver une base de donn\u00e9es de clients en raison de la collecte, de la gestion et de l'administration des renseignements et des services relatifs aux plans de protection, aux plans de services et aux achats de produits. Ces informations peuvent \u00e9galement \u00eatre utilis\u00e9es \u00e0 des fins de communication, de promotion ou de marketing. L'option de d\u00e9sabonnement est disponible via notre site web et les communications qui pourraient vous \u00eatre envoy\u00e9es.<\/p>\n\n<p>Ces informations pourraient \u00eatre utilis\u00e9es aux fins suivantes :<\/p>\n<ul style=\"margin-bottom:15px;\">\n \t<li>Vous identifier en tant que client;<\/li>\n \t<li>Traiter vos commandes et en assurer le service et le suivi;<\/li>\n \t<li>Communiquer avec vous pour r\u00e9pondre \u00e0 vos questions, commentaires ou suggestions;<\/li>\n \t<li>Vous fournir des informations \u00e0 propos de nous et nos produits ou sur les nouvelles offres promotionnelles susceptibles de vous int\u00e9resser;<\/li>\n \t<li>Proposer et g\u00e9rer des promotions et des concours;<\/li>\n \t<li>Personnaliser l'exp\u00e9rience en ligne en fonction de vos besoins et de vos pr\u00e9f\u00e9rences, y compris l'affichage publicitaire;<\/li>\n \t<li>Vous prot\u00e9ger et pr\u00e9venir les erreurs, le vol et la fraude;<\/li>\n \t<li>Compiler des statistiques;<\/li>\n \t<li>Remplir nos obligations l\u00e9gales et r\u00e9glementaires;<\/li>\n \t<li>Pour toute autre fin \u00e0 laquelle vous avez consenti lors de la collecte des informations.<\/li>\n<\/ul>\n<p>Nous n'utilisons pas vos informations personnelles \u00e0 d'autres fins que celles pour lesquelles vous avez donn\u00e9 votre accord, ou si la loi le permet ou l'exige.<\/p>\t\t\t\t\t\t\t\t<\/div>\n\t\t\t\t<\/div>\n\t\t\t\t<div class=\"elementor-element elementor-element-2a659d22 elementor-widget elementor-widget-heading\" data-id=\"2a659d22\" data-element_type=\"widget\" data-widget_type=\"heading.default\">\n\t\t\t\t<div class=\"elementor-widget-container\">\n\t\t\t\t\t<h3 class=\"elementor-heading-title elementor-size-default\">Consentement \u00e0 la collecte, \u00e0 l'utilisation et \u00e0 la divulgation des renseignements personnels<\/h3>\t\t\t\t<\/div>\n\t\t\t\t<\/div>\n\t\t\t\t<div class=\"elementor-element elementor-element-7d50e7be elementor-widget elementor-widget-text-editor\" data-id=\"7d50e7be\" data-element_type=\"widget\" data-widget_type=\"text-editor.default\">\n\t\t\t\t<div class=\"elementor-widget-container\">\n\t\t\t\t\t\t\t\t\t<p>Nous nous effor\u00e7ons de limiter la communication de vos informations \u00e0 des tiers \u00e0 ce qui est strictement n\u00e9cessaire. L'acc\u00e8s ne sera accord\u00e9 que pour les fonctions et les t\u00e2ches pour lesquelles l'information est n\u00e9cessaire.<\/p>\n\n    <p>Nous pouvons partager vos informations sans votre consentement avec les tiers suivants, \u00e0 condition qu'ils acceptent de se conformer aux m\u00eames conditions et exigences que celles \u00e9nonc\u00e9es dans la pr\u00e9sente politique de confidentialit\u00e9 :<\/p>\n    \n    <ul style=\"margin-bottom:15px;\">\n        <li>les prestataires de services, sous-traitants ou agents, y compris les fournisseurs de services d'h\u00e9bergement, d'identification, de paiement et d'exp\u00e9dition;<\/li>\n        <li>les partenaires commerciaux proposant des produits et services compl\u00e9mentaires \u00e0 ceux offerts sur ce site web;<\/li>\n        <li>tous tiers impliqu\u00e9s dans le contexte de la vente r\u00e9elle ou potentielle, du financement ou de la r\u00e9organisation de notre entreprise;<\/li>\n        <li>d'autres tiers, dans la mesure o\u00f9 la loi l'autorise ou l'exige.<\/li>\n    <\/ul>\n\n    <p>\u00c0 noter que ces tiers peuvent se trouver en dehors de l'Ontario ou du Canada.<\/p>\t\t\t\t\t\t\t\t<\/div>\n\t\t\t\t<\/div>\n\t\t\t\t<div class=\"elementor-element elementor-element-2217c593 elementor-widget elementor-widget-heading\" data-id=\"2217c593\" data-element_type=\"widget\" data-widget_type=\"heading.default\">\n\t\t\t\t<div class=\"elementor-widget-container\">\n\t\t\t\t\t<h3 class=\"elementor-heading-title elementor-size-default\">Exactitude des renseignements personnels d\u2019un client<\/h3>\t\t\t\t<\/div>\n\t\t\t\t<\/div>\n\t\t\t\t<div class=\"elementor-element elementor-element-1121e795 elementor-widget elementor-widget-text-editor\" data-id=\"1121e795\" data-element_type=\"widget\" data-widget_type=\"text-editor.default\">\n\t\t\t\t<div class=\"elementor-widget-container\">\n\t\t\t\t\t\t\t\t\t<p>ZucoraHome s\u2019efforce de s\u2019assurer que tous les renseignements personnels fournis par le client et conserv\u00e9s par ZucoraHome sont exacts, \u00e0 jour et complets dans la mesure n\u00e9cessaire aux fins pour lesquelles les renseignements personnels sont recueillis, utilis\u00e9s et conserv\u00e9s. ZucoraHome apportera les modifications n\u00e9cessaires aux renseignements personnels du client au besoin d\u00e8s que ce dernier informera ZucoraHome que ses renseignements doivent \u00eatre corrig\u00e9s ou mis \u00e0 jour.<\/p>\t\t\t\t\t\t\t\t<\/div>\n\t\t\t\t<\/div>\n\t\t\t\t<div class=\"elementor-element elementor-element-21fe370b elementor-widget elementor-widget-heading\" data-id=\"21fe370b\" data-element_type=\"widget\" data-widget_type=\"heading.default\">\n\t\t\t\t<div class=\"elementor-widget-container\">\n\t\t\t\t\t<h3 class=\"elementor-heading-title elementor-size-default\">Conservation des renseignements personnels du client<\/h3>\t\t\t\t<\/div>\n\t\t\t\t<\/div>\n\t\t\t\t<div class=\"elementor-element elementor-element-42f40e7f elementor-widget elementor-widget-text-editor\" data-id=\"42f40e7f\" data-element_type=\"widget\" data-widget_type=\"text-editor.default\">\n\t\t\t\t<div class=\"elementor-widget-container\">\n\t\t\t\t\t\t\t\t\t<p>Si la personne n\u2019est plus un client de ZucoraHome ou n\u2019a plus le droit de recevoir des services de ZucoraHome, ses renseignements personnels peuvent continuer \u00e0 \u00eatre conserv\u00e9s, \u00e0 moins que le client n\u2019en d\u00e9cide autrement par \u00e9crit.<\/p>\t\t\t\t\t\t\t\t<\/div>\n\t\t\t\t<\/div>\n\t\t\t\t<div class=\"elementor-element elementor-element-f38146f elementor-widget elementor-widget-heading\" data-id=\"f38146f\" data-element_type=\"widget\" data-widget_type=\"heading.default\">\n\t\t\t\t<div class=\"elementor-widget-container\">\n\t\t\t\t\t<h3 class=\"elementor-heading-title elementor-size-default\">Protection<\/h3>\t\t\t\t<\/div>\n\t\t\t\t<\/div>\n\t\t\t\t<div class=\"elementor-element elementor-element-617f8bc elementor-widget elementor-widget-text-editor\" data-id=\"617f8bc\" data-element_type=\"widget\" data-widget_type=\"text-editor.default\">\n\t\t\t\t<div class=\"elementor-widget-container\">\n\t\t\t\t\t\t\t\t\t<p>ZucoraHome a mis en \u0153uvre un certain nombre de mesures de protection physiques, organisationnelles et technologiques appropri\u00e9es \u00e0 la sensibilit\u00e9 des renseignements personnels du client, y compris les mesures suivantes, sans s\u2019y limiter :<\/p>\n\n<ul style=\"margin-bottom:15px;\">\n    <li>Les dossiers des clients sont conserv\u00e9s \u00e9lectroniquement et sous forme imprim\u00e9e, dans des endroits o\u00f9 l\u2019acc\u00e8s est limit\u00e9 au personnel autoris\u00e9; et<\/li>\n    <li>ZucoraHome utilise le pare-feu, la protection antivirus et d\u2019autres mesures de protection technologiques les plus r\u00e9centes pour prot\u00e9ger les renseignements personnels qui sont conserv\u00e9s sur le r\u00e9seau informatique. ZucoraHome a d\u00e9velopp\u00e9 et \u00e9tabli des protocoles s\u00e9curis\u00e9s d\u2019utilisation de l\u2019Internet et du courrier \u00e9lectronique visant \u00e0 \u00eatre respect\u00e9s par son personnel et ses employ\u00e9s contractuels afin de r\u00e9duire le risque de divulgation accidentelle \u00e0 la suite de virus provenant d\u2019Internet.<\/li>\n    <li>Il n\u2019existe toutefois aucune m\u00e9thode de transmission ou de stockage \u00e9lectronique de donn\u00e9es contenant des renseignements personnels qui soit enti\u00e8rement s\u00e9curitaire. ZucoraHome utilise toute la s\u00e9curit\u00e9 technologique existante en mati\u00e8re de transmission des renseignements personnels des clients. Malgr\u00e9 ces mesures de protection technologiques, toutes les transmissions sur Internet sont susceptibles d\u2019\u00eatre perdues, mal envoy\u00e9es, intercept\u00e9es ou mal utilis\u00e9es.<\/li>\n<\/ul>\t\t\t\t\t\t\t\t<\/div>\n\t\t\t\t<\/div>\n\t\t\t\t<div class=\"elementor-element elementor-element-43a492e7 elementor-widget elementor-widget-heading\" data-id=\"43a492e7\" data-element_type=\"widget\" data-widget_type=\"heading.default\">\n\t\t\t\t<div class=\"elementor-widget-container\">\n\t\t\t\t\t<h3 class=\"elementor-heading-title elementor-size-default\">Demandes<\/h3>\t\t\t\t<\/div>\n\t\t\t\t<\/div>\n\t\t\t\t<div class=\"elementor-element elementor-element-7e7924bc elementor-widget elementor-widget-text-editor\" data-id=\"7e7924bc\" data-element_type=\"widget\" data-widget_type=\"text-editor.default\">\n\t\t\t\t<div class=\"elementor-widget-container\">\n\t\t\t\t\t\t\t\t\t<p>Toute demande concernant les pratiques de gestion des renseignements personnels peut \u00eatre adress\u00e9e au responsable de la protection des renseignements personnels, c\u2019est-\u00e0-dire le responsable de la client\u00e8le de ZucoraHome.<\/p>\t\t\t\t\t\t\t\t<\/div>\n\t\t\t\t<\/div>\n\t\t\t\t<div class=\"elementor-element elementor-element-5bd2e75c elementor-widget elementor-widget-heading\" data-id=\"5bd2e75c\" data-element_type=\"widget\" data-widget_type=\"heading.default\">\n\t\t\t\t<div class=\"elementor-widget-container\">\n\t\t\t\t\t<h3 class=\"elementor-heading-title elementor-size-default\">Demandes d\u2019acc\u00e8s \u00e0 des renseignements personnels<\/h3>\t\t\t\t<\/div>\n\t\t\t\t<\/div>\n\t\t\t\t<div class=\"elementor-element elementor-element-ae327b elementor-widget elementor-widget-text-editor\" data-id=\"ae327b\" data-element_type=\"widget\" data-widget_type=\"text-editor.default\">\n\t\t\t\t<div class=\"elementor-widget-container\">\n\t\t\t\t\t\t\t\t\tEn vertu de la LPRPDE, une personne a le droit d\u2019acc\u00e9der aux renseignements personnels qui sont d\u00e9tenus \u00e0 son sujet sous r\u00e9serve des exceptions minimales permises par la l\u00e9gislation f\u00e9d\u00e9rale sur la protection de la vie priv\u00e9e, dont les suivantes :\n<ul style=\"margin-bottom: 15px;\">\n \t<li>ZucoraHome refusera l\u2019acc\u00e8s si la personne qui en fait la demande ne fournit pas les pi\u00e8ces d\u2019identit\u00e9 n\u00e9cessaires pour v\u00e9rifier qu\u2019elle est bien la personne au sujet de laquelle l\u2019acc\u00e8s aux renseignements personnels est demand\u00e9;<\/li>\n \t<li>Aucun acc\u00e8s ne sera accord\u00e9 aux renseignements personnels qui ne concernent pas la personne qui demande l\u2019acc\u00e8s;<\/li>\n \t<li>Aucun acc\u00e8s ne sera accord\u00e9 aux renseignements qui font partie d\u2019une enqu\u00eate criminelle;<\/li>\n \t<li>Aucun acc\u00e8s ne sera accord\u00e9 si celui-ci risque de nuire ou de perturber les activit\u00e9s d\u2019application de la loi et les autres fonctions d\u2019enqu\u00eate d\u2019un organisme autoris\u00e9 par la loi \u00e0 exercer de telles fonctions; et<\/li>\n \t<li>Aucun acc\u00e8s ne sera accord\u00e9 aux renseignements lorsque cet acc\u00e8s pourrait menacer la vie, la s\u00fbret\u00e9 et la s\u00e9curit\u00e9, y compris la s\u00e9curit\u00e9 psychologique, de la personne qui demande l\u2019acc\u00e8s.<\/li>\n \t<li>ZucoraHome se r\u00e9serve le droit de refuser tout acc\u00e8s qu\u2019elle juge r\u00e9p\u00e9titif, inutile ou contrariant.<\/li>\n \t<li>Lorsqu\u2019une demande d\u2019acc\u00e8s par \u00e9crit sera re\u00e7ue, ZucoraHome s\u2019efforcera de mettre les renseignements \u00e0 la disposition de la personne demandant l\u2019acc\u00e8s dans un d\u00e9lai de 60 jours suivant la v\u00e9rification, sous une forme satisfaisante selon ZucoraHome, de son identit\u00e9.<\/li>\n \t<li>La personne autoris\u00e9e \u00e0 obtenir l\u2019acc\u00e8s peut contester l\u2019int\u00e9gralit\u00e9 des renseignements personnels la concernant qui sont conserv\u00e9s et g\u00e9r\u00e9s par ZucoraHome. Apr\u00e8s avoir d\u00e9montr\u00e9 avec succ\u00e8s qu\u2019il y a une erreur dans les renseignements personnels conserv\u00e9s, ZucoraHome modifiera les renseignements comme il se doit.<\/li>\n<\/ul>\t\t\t\t\t\t\t\t<\/div>\n\t\t\t\t<\/div>\n\t\t\t\t<div class=\"elementor-element elementor-element-49cf176f elementor-widget elementor-widget-heading\" data-id=\"49cf176f\" data-element_type=\"widget\" data-widget_type=\"heading.default\">\n\t\t\t\t<div class=\"elementor-widget-container\">\n\t\t\t\t\t<h3 class=\"elementor-heading-title elementor-size-default\">Enqu\u00eates sur les plaintes<\/h3>\t\t\t\t<\/div>\n\t\t\t\t<\/div>\n\t\t\t\t<div class=\"elementor-element elementor-element-b0f7112 elementor-widget elementor-widget-text-editor\" data-id=\"b0f7112\" data-element_type=\"widget\" data-widget_type=\"text-editor.default\">\n\t\t\t\t<div class=\"elementor-widget-container\">\n\t\t\t\t\t\t\t\t\t<p>Le responsable de la protection de la vie priv\u00e9e de ZucoraHome examinera toutes les pr\u00e9occupations ou plaintes concernant le traitement des renseignements personnels sous le contr\u00f4le de ZucoraHome qui sont re\u00e7ues par \u00e9crit. Il informera la personne des r\u00e9sultats de l\u2019enqu\u00eate le plus rapidement possible et, si la plainte est jug\u00e9e justifi\u00e9e, des mesures seront prises pour r\u00e9gler le probl\u00e8me.<\/p>\n\n<p>Si la personne n\u2019est pas satisfaite des r\u00e9sultats transmis par le responsable de la protection de la vie priv\u00e9e ou si elle estime que les mesures correctives prises par ZucoraHome sont insuffisantes, elle peut adresser une plainte par \u00e9crit au pr\u00e9sident de ZucoraHome ou au Commissariat \u00e0 la protection de la vie priv\u00e9e du Canada.<\/p>\t\t\t\t\t\t\t\t<\/div>\n\t\t\t\t<\/div>\n\t\t\t\t<div class=\"elementor-element elementor-element-abd8f25 elementor-widget elementor-widget-heading\" data-id=\"abd8f25\" data-element_type=\"widget\" data-widget_type=\"heading.default\">\n\t\t\t\t<div class=\"elementor-widget-container\">\n\t\t\t\t\t<h3 class=\"elementor-heading-title elementor-size-default\">Modification de la politique de confidentialit\u00e9 de ZucoraHome\n<\/h3>\t\t\t\t<\/div>\n\t\t\t\t<\/div>\n\t\t\t\t<div class=\"elementor-element elementor-element-206832e5 elementor-widget elementor-widget-text-editor\" data-id=\"206832e5\" data-element_type=\"widget\" data-widget_type=\"text-editor.default\">\n\t\t\t\t<div class=\"elementor-widget-container\">\n\t\t\t\t\t\t\t\t\t<p>Cette politique de confidentialit\u00e9 est entr\u00e9e en vigueur le 1er janvier 2005. De plus, la pr\u00e9sente politique de confidentialit\u00e9 peut \u00eatre modifi\u00e9e en fonction de l\u2019\u00e9volution de la l\u00e9gislation sur la protection de la vie priv\u00e9e, y compris les lois provinciales et toute autre mesure l\u00e9gislative ou loi s\u2019y rapportant qui touche une entreprise exer\u00e7ant ses activit\u00e9s en Ontario ou au Canada. Le responsable de la protection de la vie priv\u00e9e de ZucoraHome examinera et r\u00e9visera cette politique de confidentialit\u00e9 de temps en temps et toute modification de cette politique sera publi\u00e9e sur le site Web de ZucoraHome. Toute modification de la politique de confidentialit\u00e9 s\u2019appliquera aux renseignements personnels recueillis \u00e0 partir de la date de publication de la politique de confidentialit\u00e9 r\u00e9vis\u00e9e sur le site Web de ZucoraHome<\/p>\t\t\t\t\t\t\t\t<\/div>\n\t\t\t\t<\/div>\n\t\t\t\t<div class=\"elementor-element elementor-element-5b3ce70b elementor-widget elementor-widget-heading\" data-id=\"5b3ce70b\" data-element_type=\"widget\" data-widget_type=\"heading.default\">\n\t\t\t\t<div class=\"elementor-widget-container\">\n\t\t\t\t\t<h3 class=\"elementor-heading-title elementor-size-default\">Coordonn\u00e9es<\/h3>\t\t\t\t<\/div>\n\t\t\t\t<\/div>\n\t\t\t\t<div class=\"elementor-element elementor-element-f784cbc elementor-widget elementor-widget-text-editor\" data-id=\"f784cbc\" data-element_type=\"widget\" data-widget_type=\"text-editor.default\">\n\t\t\t\t<div class=\"elementor-widget-container\">\n\t\t\t\t\t\t\t\t\t<p>Si vous avez une question concernant l\u2019acc\u00e8s \u00e0 vos renseignements personnels d\u00e9tenus par ZucoraHome ou une pr\u00e9occupation quant \u00e0 la mani\u00e8re dont ZucoraHome recueille, utilise, conserve et divulgue vos renseignements personnels en tant que client de ZucoraHome, veuillez communiquer avec la personne suivante :<\/p>\n<p><b>Responsable de la protection de la vie priv\u00e9e<\/b> <br\/>Zucora Inc. <br\/>552 Clarke Road <br\/>London ON N5V3K5<br\/>519.452.0101<br\/><a href=\"emailto:privacy@zucora.com\">privacy@zucorahome.com<\/a><\/p>\t\t\t\t\t\t\t\t<\/div>\n\t\t\t\t<\/div>\n\t\t\t\t\t<\/div>\n\t\t<\/div>\n\t\t\t\t\t<\/div>\n\t\t<\/section>\n\t\t\t\t<\/div>","protected":false},"excerpt":{"rendered":"<p>Privacy Policy The management of Zucora Inc. (&#8220;Zucora&#8221; and &#8220;ZucoraHome&#8221;) recognizes and respects its customers&#8217; personal information and endeavours to safeguard that information from unauthorised use, retention, or disclosure to third parties. The protection of our customers&#8217; personal information is governed by ZucoraHome Privacy Policy (the &#8220;Privacy Policy&#8221;), as follows: The Privacy Policy of ZucoraHome [&hellip;]<\/p>","protected":false},"author":1,"featured_media":0,"parent":0,"menu_order":0,"comment_status":"closed","ping_status":"closed","template":"","meta":{"footnotes":""},"class_list":["post-6566","page","type-page","status-publish","hentry"],"_links":{"self":[{"href":"https:\/\/zucorahome.com\/fr\/wp-json\/wp\/v2\/pages\/6566","targetHints":{"allow":["GET"]}}],"collection":[{"href":"https:\/\/zucorahome.com\/fr\/wp-json\/wp\/v2\/pages"}],"about":[{"href":"https:\/\/zucorahome.com\/fr\/wp-json\/wp\/v2\/types\/page"}],"author":[{"embeddable":true,"href":"https:\/\/zucorahome.com\/fr\/wp-json\/wp\/v2\/users\/1"}],"replies":[{"embeddable":true,"href":"https:\/\/zucorahome.com\/fr\/wp-json\/wp\/v2\/comments?post=6566"}],"version-history":[{"count":7,"href":"https:\/\/zucorahome.com\/fr\/wp-json\/wp\/v2\/pages\/6566\/revisions"}],"predecessor-version":[{"id":6575,"href":"https:\/\/zucorahome.com\/fr\/wp-json\/wp\/v2\/pages\/6566\/revisions\/6575"}],"wp:attachment":[{"href":"https:\/\/zucorahome.com\/fr\/wp-json\/wp\/v2\/media?parent=6566"}],"curies":[{"name":"wp","href":"https:\/\/api.w.org\/{rel}","templated":true}]}}